{"id":101,"date":"2023-08-20T17:19:54","date_gmt":"2023-08-20T21:19:54","guid":{"rendered":"http:\/\/localhost\/artvisuel\/?page_id=101"},"modified":"2024-11-23T08:35:07","modified_gmt":"2024-11-23T13:35:07","slug":"photographies-artistiques-et-conceptuels","status":"publish","type":"page","link":"https:\/\/artvisuel.ca\/?page_id=101","title":{"rendered":"Photographies artistiques et conceptuelles"},"content":{"rendered":"\n<p>Pour toute demande de photographie conceptuelle personnalis\u00e9e, une ou des rencontres sont requises au pr\u00e9alable \u00e0 la conception de l&rsquo;image.<\/p>\n\n\n\n<div class=\"wp-block-columns is-layout-flex wp-container-core-columns-is-layout-9d6595d7 wp-block-columns-is-layout-flex\">\n<div class=\"wp-block-column is-layout-flow wp-block-column-is-layout-flow\" style=\"flex-basis:33.33%\">\n<figure class=\"wp-block-gallery has-nested-images columns-default is-cropped wp-block-gallery-1 is-layout-flex wp-block-gallery-is-layout-flex\">\n<figure class=\"wp-block-image size-large\"><img loading=\"lazy\" decoding=\"async\" width=\"1024\" height=\"683\" data-id=\"302\" src=\"http:\/\/localhost\/artvisuel\/wp-content\/uploads\/2024\/01\/2C3A3558_Bain-de-minuit-Cheveux_rev00-1-1024x683.jpg\" alt=\"\" class=\"wp-image-302\" srcset=\"https:\/\/artvisuel.ca\/wp-content\/uploads\/2024\/01\/2C3A3558_Bain-de-minuit-Cheveux_rev00-1-1024x683.jpg 1024w, https:\/\/artvisuel.ca\/wp-content\/uploads\/2024\/01\/2C3A3558_Bain-de-minuit-Cheveux_rev00-1-300x200.jpg 300w, https:\/\/artvisuel.ca\/wp-content\/uploads\/2024\/01\/2C3A3558_Bain-de-minuit-Cheveux_rev00-1-768x512.jpg 768w, https:\/\/artvisuel.ca\/wp-content\/uploads\/2024\/01\/2C3A3558_Bain-de-minuit-Cheveux_rev00-1-1536x1024.jpg 1536w, https:\/\/artvisuel.ca\/wp-content\/uploads\/2024\/01\/2C3A3558_Bain-de-minuit-Cheveux_rev00-1-2048x1365.jpg 2048w, https:\/\/artvisuel.ca\/wp-content\/uploads\/2024\/01\/2C3A3558_Bain-de-minuit-Cheveux_rev00-1-1320x880.jpg 1320w, https:\/\/artvisuel.ca\/wp-content\/uploads\/2024\/01\/2C3A3558_Bain-de-minuit-Cheveux_rev00-1-600x400.jpg 600w\" sizes=\"auto, (max-width: 1024px) 100vw, 1024px\" \/><\/figure>\n<\/figure>\n<\/div>\n\n\n\n<div class=\"wp-block-column is-layout-flow wp-block-column-is-layout-flow\" style=\"flex-basis:66.66%\">\n<p>Bain de minuit<\/p>\n\n\n\n<p><\/p>\n<\/div>\n<\/div>\n\n\n\n<div class=\"wp-block-columns is-layout-flex wp-container-core-columns-is-layout-9d6595d7 wp-block-columns-is-layout-flex\">\n<div class=\"wp-block-column is-layout-flow wp-block-column-is-layout-flow\" style=\"flex-basis:33.33%\">\n<figure class=\"wp-block-image size-large is-resized\"><img loading=\"lazy\" decoding=\"async\" width=\"683\" height=\"1024\" src=\"https:\/\/artvisuel.ca\/wp-content\/uploads\/2024\/01\/2C3A4970_Le-combat-interieur_rev00-683x1024.jpg\" alt=\"\" class=\"wp-image-494\" style=\"width:254px;height:auto\" srcset=\"https:\/\/artvisuel.ca\/wp-content\/uploads\/2024\/01\/2C3A4970_Le-combat-interieur_rev00-683x1024.jpg 683w, https:\/\/artvisuel.ca\/wp-content\/uploads\/2024\/01\/2C3A4970_Le-combat-interieur_rev00-200x300.jpg 200w, https:\/\/artvisuel.ca\/wp-content\/uploads\/2024\/01\/2C3A4970_Le-combat-interieur_rev00-768x1152.jpg 768w, https:\/\/artvisuel.ca\/wp-content\/uploads\/2024\/01\/2C3A4970_Le-combat-interieur_rev00-1024x1536.jpg 1024w, https:\/\/artvisuel.ca\/wp-content\/uploads\/2024\/01\/2C3A4970_Le-combat-interieur_rev00-1365x2048.jpg 1365w, https:\/\/artvisuel.ca\/wp-content\/uploads\/2024\/01\/2C3A4970_Le-combat-interieur_rev00-scaled.jpg 1706w\" sizes=\"auto, (max-width: 683px) 100vw, 683px\" \/><\/figure>\n<\/div>\n\n\n\n<div class=\"wp-block-column is-layout-flow wp-block-column-is-layout-flow\" style=\"flex-basis:66.66%\">\n<p>Le combat int\u00e9rieur<\/p>\n<\/div>\n<\/div>\n\n\n\n<div class=\"wp-block-columns is-layout-flex wp-container-core-columns-is-layout-9d6595d7 wp-block-columns-is-layout-flex\">\n<div class=\"wp-block-column is-layout-flow wp-block-column-is-layout-flow\" style=\"flex-basis:33.33%\">\n<figure class=\"wp-block-image size-large is-resized\"><img loading=\"lazy\" decoding=\"async\" width=\"1024\" height=\"683\" src=\"https:\/\/artvisuel.ca\/wp-content\/uploads\/2024\/01\/2C3A4983_Le-depart-rev00-1024x683.jpg\" alt=\"\" class=\"wp-image-492\" style=\"width:254px;height:auto\" srcset=\"https:\/\/artvisuel.ca\/wp-content\/uploads\/2024\/01\/2C3A4983_Le-depart-rev00-1024x683.jpg 1024w, https:\/\/artvisuel.ca\/wp-content\/uploads\/2024\/01\/2C3A4983_Le-depart-rev00-300x200.jpg 300w, https:\/\/artvisuel.ca\/wp-content\/uploads\/2024\/01\/2C3A4983_Le-depart-rev00-768x512.jpg 768w, https:\/\/artvisuel.ca\/wp-content\/uploads\/2024\/01\/2C3A4983_Le-depart-rev00-1536x1024.jpg 1536w, https:\/\/artvisuel.ca\/wp-content\/uploads\/2024\/01\/2C3A4983_Le-depart-rev00-2048x1365.jpg 2048w\" sizes=\"auto, (max-width: 1024px) 100vw, 1024px\" \/><\/figure>\n<\/div>\n\n\n\n<div class=\"wp-block-column is-layout-flow wp-block-column-is-layout-flow\" style=\"flex-basis:66.66%\">\n<p>Le d\u00e9part<\/p>\n<\/div>\n<\/div>\n\n\n\n<div class=\"wp-block-columns is-layout-flex wp-container-core-columns-is-layout-9d6595d7 wp-block-columns-is-layout-flex\">\n<div class=\"wp-block-column is-layout-flow wp-block-column-is-layout-flow\" style=\"flex-basis:33.33%\">\n<figure class=\"wp-block-image size-large is-resized\"><img loading=\"lazy\" decoding=\"async\" width=\"683\" height=\"1024\" src=\"https:\/\/artvisuel.ca\/wp-content\/uploads\/2024\/01\/2C3A4914_La-femme-forte_rev00-683x1024.jpg\" alt=\"\" class=\"wp-image-544\" style=\"width:254px;height:auto\" srcset=\"https:\/\/artvisuel.ca\/wp-content\/uploads\/2024\/01\/2C3A4914_La-femme-forte_rev00-683x1024.jpg 683w, https:\/\/artvisuel.ca\/wp-content\/uploads\/2024\/01\/2C3A4914_La-femme-forte_rev00-200x300.jpg 200w, https:\/\/artvisuel.ca\/wp-content\/uploads\/2024\/01\/2C3A4914_La-femme-forte_rev00-768x1152.jpg 768w, https:\/\/artvisuel.ca\/wp-content\/uploads\/2024\/01\/2C3A4914_La-femme-forte_rev00-1024x1536.jpg 1024w, https:\/\/artvisuel.ca\/wp-content\/uploads\/2024\/01\/2C3A4914_La-femme-forte_rev00-1365x2048.jpg 1365w, https:\/\/artvisuel.ca\/wp-content\/uploads\/2024\/01\/2C3A4914_La-femme-forte_rev00-scaled.jpg 1707w\" sizes=\"auto, (max-width: 683px) 100vw, 683px\" \/><\/figure>\n<\/div>\n\n\n\n<div class=\"wp-block-column is-layout-flow wp-block-column-is-layout-flow\" style=\"flex-basis:66.66%\">\n<p>La femme forte<\/p>\n<\/div>\n<\/div>\n\n\n\n<div class=\"wp-block-columns is-layout-flex wp-container-core-columns-is-layout-9d6595d7 wp-block-columns-is-layout-flex\">\n<div class=\"wp-block-column is-layout-flow wp-block-column-is-layout-flow\" style=\"flex-basis:33.33%\">\n<figure class=\"wp-block-image size-large is-resized\"><img loading=\"lazy\" decoding=\"async\" width=\"1024\" height=\"819\" src=\"https:\/\/artvisuel.ca\/wp-content\/uploads\/2024\/01\/2C3A9787_Flash-de-perception_rev00-1024x819.jpg\" alt=\"\" class=\"wp-image-541\" style=\"width:254px;height:auto\" srcset=\"https:\/\/artvisuel.ca\/wp-content\/uploads\/2024\/01\/2C3A9787_Flash-de-perception_rev00-1024x819.jpg 1024w, https:\/\/artvisuel.ca\/wp-content\/uploads\/2024\/01\/2C3A9787_Flash-de-perception_rev00-300x240.jpg 300w, https:\/\/artvisuel.ca\/wp-content\/uploads\/2024\/01\/2C3A9787_Flash-de-perception_rev00-768x614.jpg 768w, https:\/\/artvisuel.ca\/wp-content\/uploads\/2024\/01\/2C3A9787_Flash-de-perception_rev00-1536x1229.jpg 1536w, https:\/\/artvisuel.ca\/wp-content\/uploads\/2024\/01\/2C3A9787_Flash-de-perception_rev00-2048x1638.jpg 2048w\" sizes=\"auto, (max-width: 1024px) 100vw, 1024px\" \/><\/figure>\n<\/div>\n\n\n\n<div class=\"wp-block-column is-layout-flow wp-block-column-is-layout-flow\" style=\"flex-basis:66.66%\">\n<p>Flash de perception<\/p>\n<\/div>\n<\/div>\n\n\n\n<div class=\"wp-block-columns is-layout-flex wp-container-core-columns-is-layout-9d6595d7 wp-block-columns-is-layout-flex\">\n<div class=\"wp-block-column is-layout-flow wp-block-column-is-layout-flow\" style=\"flex-basis:33.33%\">\n<figure class=\"wp-block-image size-large is-resized\"><img loading=\"lazy\" decoding=\"async\" width=\"1024\" height=\"683\" src=\"https:\/\/artvisuel.ca\/wp-content\/uploads\/2024\/01\/2C3A1197_La-fuite1_rev00-1024x683.jpg\" alt=\"\" class=\"wp-image-497\" style=\"width:254px;height:auto\" srcset=\"https:\/\/artvisuel.ca\/wp-content\/uploads\/2024\/01\/2C3A1197_La-fuite1_rev00-1024x683.jpg 1024w, https:\/\/artvisuel.ca\/wp-content\/uploads\/2024\/01\/2C3A1197_La-fuite1_rev00-300x200.jpg 300w, https:\/\/artvisuel.ca\/wp-content\/uploads\/2024\/01\/2C3A1197_La-fuite1_rev00-768x512.jpg 768w, https:\/\/artvisuel.ca\/wp-content\/uploads\/2024\/01\/2C3A1197_La-fuite1_rev00-1536x1024.jpg 1536w, https:\/\/artvisuel.ca\/wp-content\/uploads\/2024\/01\/2C3A1197_La-fuite1_rev00-2048x1365.jpg 2048w\" sizes=\"auto, (max-width: 1024px) 100vw, 1024px\" \/><\/figure>\n<\/div>\n\n\n\n<div class=\"wp-block-column is-layout-flow wp-block-column-is-layout-flow\" style=\"flex-basis:66.66%\">\n<p>La fuite (partie 1)<\/p>\n<\/div>\n<\/div>\n\n\n\n<div class=\"wp-block-columns is-layout-flex wp-container-core-columns-is-layout-9d6595d7 wp-block-columns-is-layout-flex\">\n<div class=\"wp-block-column is-layout-flow wp-block-column-is-layout-flow\" style=\"flex-basis:33.33%\">\n<figure class=\"wp-block-image size-large is-resized\"><img loading=\"lazy\" decoding=\"async\" width=\"683\" height=\"1024\" src=\"https:\/\/artvisuel.ca\/wp-content\/uploads\/2024\/01\/Deuil4_2C3A5388_LaGrandeDame_rev00-683x1024.jpg\" alt=\"\" class=\"wp-image-556\" style=\"width:254px;height:auto\" srcset=\"https:\/\/artvisuel.ca\/wp-content\/uploads\/2024\/01\/Deuil4_2C3A5388_LaGrandeDame_rev00-683x1024.jpg 683w, https:\/\/artvisuel.ca\/wp-content\/uploads\/2024\/01\/Deuil4_2C3A5388_LaGrandeDame_rev00-200x300.jpg 200w, https:\/\/artvisuel.ca\/wp-content\/uploads\/2024\/01\/Deuil4_2C3A5388_LaGrandeDame_rev00-768x1152.jpg 768w, https:\/\/artvisuel.ca\/wp-content\/uploads\/2024\/01\/Deuil4_2C3A5388_LaGrandeDame_rev00-1024x1536.jpg 1024w, https:\/\/artvisuel.ca\/wp-content\/uploads\/2024\/01\/Deuil4_2C3A5388_LaGrandeDame_rev00-1365x2048.jpg 1365w, https:\/\/artvisuel.ca\/wp-content\/uploads\/2024\/01\/Deuil4_2C3A5388_LaGrandeDame_rev00-scaled.jpg 1707w\" sizes=\"auto, (max-width: 683px) 100vw, 683px\" \/><\/figure>\n<\/div>\n\n\n\n<div class=\"wp-block-column is-layout-flow wp-block-column-is-layout-flow\" style=\"flex-basis:66.66%\">\n<p>La grande dame <\/p>\n<\/div>\n<\/div>\n\n\n\n<div class=\"wp-block-columns is-layout-flex wp-container-core-columns-is-layout-9d6595d7 wp-block-columns-is-layout-flex\">\n<div class=\"wp-block-column is-layout-flow wp-block-column-is-layout-flow\" style=\"flex-basis:33.33%\">\n<figure class=\"wp-block-image size-large\"><img loading=\"lazy\" decoding=\"async\" width=\"1024\" height=\"768\" src=\"https:\/\/artvisuel.ca\/wp-content\/uploads\/2024\/01\/2C3A2079_Narcolepsie_rev00-1024x768.jpg\" alt=\"\" class=\"wp-image-517\" srcset=\"https:\/\/artvisuel.ca\/wp-content\/uploads\/2024\/01\/2C3A2079_Narcolepsie_rev00-1024x768.jpg 1024w, https:\/\/artvisuel.ca\/wp-content\/uploads\/2024\/01\/2C3A2079_Narcolepsie_rev00-300x225.jpg 300w, https:\/\/artvisuel.ca\/wp-content\/uploads\/2024\/01\/2C3A2079_Narcolepsie_rev00-768x576.jpg 768w, https:\/\/artvisuel.ca\/wp-content\/uploads\/2024\/01\/2C3A2079_Narcolepsie_rev00-1536x1152.jpg 1536w, https:\/\/artvisuel.ca\/wp-content\/uploads\/2024\/01\/2C3A2079_Narcolepsie_rev00-2048x1536.jpg 2048w, https:\/\/artvisuel.ca\/wp-content\/uploads\/2024\/01\/2C3A2079_Narcolepsie_rev00-63x46.jpg 63w\" sizes=\"auto, (max-width: 1024px) 100vw, 1024px\" \/><\/figure>\n<\/div>\n\n\n\n<div class=\"wp-block-column is-layout-flow wp-block-column-is-layout-flow\" style=\"flex-basis:66.66%\">\n<p>Narcolepsie<\/p>\n<\/div>\n<\/div>\n\n\n\n<div class=\"wp-block-columns is-layout-flex wp-container-core-columns-is-layout-9d6595d7 wp-block-columns-is-layout-flex\">\n<div class=\"wp-block-column is-layout-flow wp-block-column-is-layout-flow\" style=\"flex-basis:33.33%\">\n<figure class=\"wp-block-image size-large is-resized\"><img loading=\"lazy\" decoding=\"async\" width=\"683\" height=\"1024\" src=\"http:\/\/localhost\/artvisuel\/wp-content\/uploads\/2024\/01\/2C3A9724_Orthorexie_rev00-683x1024.jpg\" alt=\"\" class=\"wp-image-349\" style=\"width:254px;height:auto\" srcset=\"https:\/\/artvisuel.ca\/wp-content\/uploads\/2024\/01\/2C3A9724_Orthorexie_rev00-683x1024.jpg 683w, https:\/\/artvisuel.ca\/wp-content\/uploads\/2024\/01\/2C3A9724_Orthorexie_rev00-200x300.jpg 200w, https:\/\/artvisuel.ca\/wp-content\/uploads\/2024\/01\/2C3A9724_Orthorexie_rev00-768x1152.jpg 768w, https:\/\/artvisuel.ca\/wp-content\/uploads\/2024\/01\/2C3A9724_Orthorexie_rev00-1024x1536.jpg 1024w, https:\/\/artvisuel.ca\/wp-content\/uploads\/2024\/01\/2C3A9724_Orthorexie_rev00-1365x2048.jpg 1365w, https:\/\/artvisuel.ca\/wp-content\/uploads\/2024\/01\/2C3A9724_Orthorexie_rev00-1320x1980.jpg 1320w, https:\/\/artvisuel.ca\/wp-content\/uploads\/2024\/01\/2C3A9724_Orthorexie_rev00-600x900.jpg 600w, https:\/\/artvisuel.ca\/wp-content\/uploads\/2024\/01\/2C3A9724_Orthorexie_rev00-scaled.jpg 1707w\" sizes=\"auto, (max-width: 683px) 100vw, 683px\" \/><\/figure>\n<\/div>\n\n\n\n<div class=\"wp-block-column is-layout-flow wp-block-column-is-layout-flow\" style=\"flex-basis:66.66%\">\n<p>Orthorexie<\/p>\n<\/div>\n<\/div>\n\n\n\n<div class=\"wp-block-columns is-layout-flex wp-container-core-columns-is-layout-9d6595d7 wp-block-columns-is-layout-flex\">\n<div class=\"wp-block-column is-layout-flow wp-block-column-is-layout-flow\" style=\"flex-basis:33.33%\">\n<figure class=\"wp-block-image size-large is-resized\"><img loading=\"lazy\" decoding=\"async\" width=\"1024\" height=\"819\" src=\"https:\/\/artvisuel.ca\/wp-content\/uploads\/2024\/01\/panorama_Le-preneur-de-temps_rev00-1024x819.jpg\" alt=\"\" class=\"wp-image-510\" style=\"width:254px;height:auto\" srcset=\"https:\/\/artvisuel.ca\/wp-content\/uploads\/2024\/01\/panorama_Le-preneur-de-temps_rev00-1024x819.jpg 1024w, https:\/\/artvisuel.ca\/wp-content\/uploads\/2024\/01\/panorama_Le-preneur-de-temps_rev00-300x240.jpg 300w, https:\/\/artvisuel.ca\/wp-content\/uploads\/2024\/01\/panorama_Le-preneur-de-temps_rev00-768x614.jpg 768w, https:\/\/artvisuel.ca\/wp-content\/uploads\/2024\/01\/panorama_Le-preneur-de-temps_rev00-1536x1229.jpg 1536w, https:\/\/artvisuel.ca\/wp-content\/uploads\/2024\/01\/panorama_Le-preneur-de-temps_rev00-2048x1638.jpg 2048w\" sizes=\"auto, (max-width: 1024px) 100vw, 1024px\" \/><\/figure>\n<\/div>\n\n\n\n<div class=\"wp-block-column is-layout-flow wp-block-column-is-layout-flow\" style=\"flex-basis:66.66%\">\n<p>Le preneur de temps<\/p>\n<\/div>\n<\/div>\n\n\n\n<div class=\"wp-block-columns is-layout-flex wp-container-core-columns-is-layout-9d6595d7 wp-block-columns-is-layout-flex\">\n<div class=\"wp-block-column is-layout-flow wp-block-column-is-layout-flow\" style=\"flex-basis:33.33%\">\n<figure class=\"wp-block-image size-large is-resized\"><img loading=\"lazy\" decoding=\"async\" width=\"1024\" height=\"683\" src=\"https:\/\/artvisuel.ca\/wp-content\/uploads\/2024\/01\/2C3A7150__Silence-de-nos-aieules_rev00-1024x683.jpg\" alt=\"\" class=\"wp-image-502\" style=\"width:254px;height:auto\" srcset=\"https:\/\/artvisuel.ca\/wp-content\/uploads\/2024\/01\/2C3A7150__Silence-de-nos-aieules_rev00-1024x683.jpg 1024w, https:\/\/artvisuel.ca\/wp-content\/uploads\/2024\/01\/2C3A7150__Silence-de-nos-aieules_rev00-300x200.jpg 300w, https:\/\/artvisuel.ca\/wp-content\/uploads\/2024\/01\/2C3A7150__Silence-de-nos-aieules_rev00-768x512.jpg 768w, https:\/\/artvisuel.ca\/wp-content\/uploads\/2024\/01\/2C3A7150__Silence-de-nos-aieules_rev00-1536x1024.jpg 1536w, https:\/\/artvisuel.ca\/wp-content\/uploads\/2024\/01\/2C3A7150__Silence-de-nos-aieules_rev00-2048x1365.jpg 2048w\" sizes=\"auto, (max-width: 1024px) 100vw, 1024px\" \/><\/figure>\n<\/div>\n\n\n\n<div class=\"wp-block-column is-layout-flow wp-block-column-is-layout-flow\" style=\"flex-basis:66.66%\">\n<p>Le silence de nos a\u00efeules<\/p>\n<\/div>\n<\/div>\n\n\n\n<div class=\"wp-block-columns is-layout-flex wp-container-core-columns-is-layout-9d6595d7 wp-block-columns-is-layout-flex\">\n<div class=\"wp-block-column is-layout-flow wp-block-column-is-layout-flow\" style=\"flex-basis:33.33%\">\n<figure class=\"wp-block-image size-large is-resized\"><img loading=\"lazy\" decoding=\"async\" width=\"1024\" height=\"751\" src=\"https:\/\/artvisuel.ca\/wp-content\/uploads\/2024\/01\/2C3A9565_Sortir-du-cadre_Genevieve_rev00-copie-1024x751.jpg\" alt=\"\" class=\"wp-image-506\" style=\"width:254px;height:auto\" srcset=\"https:\/\/artvisuel.ca\/wp-content\/uploads\/2024\/01\/2C3A9565_Sortir-du-cadre_Genevieve_rev00-copie-1024x751.jpg 1024w, https:\/\/artvisuel.ca\/wp-content\/uploads\/2024\/01\/2C3A9565_Sortir-du-cadre_Genevieve_rev00-copie-300x220.jpg 300w, https:\/\/artvisuel.ca\/wp-content\/uploads\/2024\/01\/2C3A9565_Sortir-du-cadre_Genevieve_rev00-copie-768x563.jpg 768w, https:\/\/artvisuel.ca\/wp-content\/uploads\/2024\/01\/2C3A9565_Sortir-du-cadre_Genevieve_rev00-copie-1536x1126.jpg 1536w, https:\/\/artvisuel.ca\/wp-content\/uploads\/2024\/01\/2C3A9565_Sortir-du-cadre_Genevieve_rev00-copie-2048x1502.jpg 2048w, https:\/\/artvisuel.ca\/wp-content\/uploads\/2024\/01\/2C3A9565_Sortir-du-cadre_Genevieve_rev00-copie-63x46.jpg 63w\" sizes=\"auto, (max-width: 1024px) 100vw, 1024px\" \/><\/figure>\n<\/div>\n\n\n\n<div class=\"wp-block-column is-layout-flow wp-block-column-is-layout-flow\" style=\"flex-basis:66.66%\">\n<p>Sortir du cadre<\/p>\n<\/div>\n<\/div>\n\n\n\n<div class=\"wp-block-columns is-layout-flex wp-container-core-columns-is-layout-9d6595d7 wp-block-columns-is-layout-flex\">\n<div class=\"wp-block-column is-layout-flow wp-block-column-is-layout-flow\" style=\"flex-basis:33.33%\">\n<figure class=\"wp-block-image size-large is-resized\"><img loading=\"lazy\" decoding=\"async\" width=\"683\" height=\"1024\" src=\"https:\/\/artvisuel.ca\/wp-content\/uploads\/2024\/01\/2C3A5022_Vie-parallele_rev00-1-683x1024.jpg\" alt=\"\" class=\"wp-image-559\" style=\"width:254px;height:auto\" srcset=\"https:\/\/artvisuel.ca\/wp-content\/uploads\/2024\/01\/2C3A5022_Vie-parallele_rev00-1-683x1024.jpg 683w, https:\/\/artvisuel.ca\/wp-content\/uploads\/2024\/01\/2C3A5022_Vie-parallele_rev00-1-200x300.jpg 200w, https:\/\/artvisuel.ca\/wp-content\/uploads\/2024\/01\/2C3A5022_Vie-parallele_rev00-1-768x1152.jpg 768w, https:\/\/artvisuel.ca\/wp-content\/uploads\/2024\/01\/2C3A5022_Vie-parallele_rev00-1-1024x1536.jpg 1024w, https:\/\/artvisuel.ca\/wp-content\/uploads\/2024\/01\/2C3A5022_Vie-parallele_rev00-1-1365x2048.jpg 1365w, https:\/\/artvisuel.ca\/wp-content\/uploads\/2024\/01\/2C3A5022_Vie-parallele_rev00-1-scaled.jpg 1706w\" sizes=\"auto, (max-width: 683px) 100vw, 683px\" \/><\/figure>\n<\/div>\n\n\n\n<div class=\"wp-block-column is-layout-flow wp-block-column-is-layout-flow\" style=\"flex-basis:66.66%\">\n<p>La vie parall\u00e8le de B\u00e9atrice<\/p>\n<\/div>\n<\/div>\n\n\n\n<div class=\"wp-block-columns is-layout-flex wp-container-core-columns-is-layout-9d6595d7 wp-block-columns-is-layout-flex\">\n<div class=\"wp-block-column is-layout-flow wp-block-column-is-layout-flow\" style=\"flex-basis:33.33%\"><\/div>\n\n\n\n<div class=\"wp-block-column is-layout-flow wp-block-column-is-layout-flow\" style=\"flex-basis:66.66%\">\n<p>En cours de mise \u00e0 jour &#8230;<\/p>\n<\/div>\n<\/div>\n","protected":false},"excerpt":{"rendered":"<p>Pour toute demande de photographie conceptuelle personnalis\u00e9e, une ou des rencontres sont requises au pr\u00e9alable \u00e0 la conception de l&rsquo;image. Bain de minuit Le combat int\u00e9rieur Le d\u00e9part La femme forte Flash de perception La fuite (partie 1) La grande dame Narcolepsie Orthorexie Le preneur de temps Le silence de nos a\u00efeules Sortir du cadre La vie parall\u00e8le de B\u00e9atrice En cours de mise \u00e0 jour &#8230;<\/p>\n","protected":false},"author":1,"featured_media":0,"parent":0,"menu_order":0,"comment_status":"closed","ping_status":"closed","template":"","meta":{"footnotes":""},"class_list":["post-101","page","type-page","status-publish","hentry"],"_links":{"self":[{"href":"https:\/\/artvisuel.ca\/index.php?rest_route=\/wp\/v2\/pages\/101","targetHints":{"allow":["GET"]}}],"collection":[{"href":"https:\/\/artvisuel.ca\/index.php?rest_route=\/wp\/v2\/pages"}],"about":[{"href":"https:\/\/artvisuel.ca\/index.php?rest_route=\/wp\/v2\/types\/page"}],"author":[{"embeddable":true,"href":"https:\/\/artvisuel.ca\/index.php?rest_route=\/wp\/v2\/users\/1"}],"replies":[{"embeddable":true,"href":"https:\/\/artvisuel.ca\/index.php?rest_route=%2Fwp%2Fv2%2Fcomments&post=101"}],"version-history":[{"count":31,"href":"https:\/\/artvisuel.ca\/index.php?rest_route=\/wp\/v2\/pages\/101\/revisions"}],"predecessor-version":[{"id":651,"href":"https:\/\/artvisuel.ca\/index.php?rest_route=\/wp\/v2\/pages\/101\/revisions\/651"}],"wp:attachment":[{"href":"https:\/\/artvisuel.ca\/index.php?rest_route=%2Fwp%2Fv2%2Fmedia&parent=101"}],"curies":[{"name":"wp","href":"https:\/\/api.w.org\/{rel}","templated":true}]}}