{"id":156,"date":"2023-08-20T20:26:14","date_gmt":"2023-08-21T00:26:14","guid":{"rendered":"http:\/\/localhost\/artvisuel\/?page_id=156"},"modified":"2024-01-14T14:25:27","modified_gmt":"2024-01-14T19:25:27","slug":"photographies-dambiance-et-reproductions","status":"publish","type":"page","link":"https:\/\/artvisuel.ca\/?page_id=156","title":{"rendered":"Photographies d&rsquo;ambiance et reproductions"},"content":{"rendered":"\n<div class=\"wp-block-columns is-layout-flex wp-container-core-columns-is-layout-9d6595d7 wp-block-columns-is-layout-flex\">\n<div class=\"wp-block-column is-layout-flow wp-block-column-is-layout-flow\" style=\"flex-basis:33.33%\"><\/div>\n\n\n\n<div class=\"wp-block-column is-layout-flow wp-block-column-is-layout-flow\" style=\"flex-basis:66.66%\">\n<p>Les photographies et reproductions d&rsquo;\u0153uvres d&rsquo;art sont disponibles en diff\u00e9rents formats et supports<\/p>\n<\/div>\n<\/div>\n\n\n\n<div class=\"wp-block-columns is-layout-flex wp-container-core-columns-is-layout-9d6595d7 wp-block-columns-is-layout-flex\">\n<div class=\"wp-block-column is-layout-flow wp-block-column-is-layout-flow\">\n<figure class=\"wp-block-gallery has-nested-images columns-default is-cropped wp-block-gallery-1 is-layout-flex wp-block-gallery-is-layout-flex\">\n<figure class=\"wp-block-image size-large\"><img loading=\"lazy\" decoding=\"async\" width=\"1024\" height=\"683\" data-id=\"391\" src=\"http:\/\/localhost\/artvisuel\/wp-content\/uploads\/2024\/01\/DSC00128_Endormie_rev00-1024x683.jpg\" alt=\"\" class=\"wp-image-391\" srcset=\"https:\/\/artvisuel.ca\/wp-content\/uploads\/2024\/01\/DSC00128_Endormie_rev00-1024x683.jpg 1024w, https:\/\/artvisuel.ca\/wp-content\/uploads\/2024\/01\/DSC00128_Endormie_rev00-300x200.jpg 300w, https:\/\/artvisuel.ca\/wp-content\/uploads\/2024\/01\/DSC00128_Endormie_rev00-768x512.jpg 768w, https:\/\/artvisuel.ca\/wp-content\/uploads\/2024\/01\/DSC00128_Endormie_rev00-1536x1024.jpg 1536w, https:\/\/artvisuel.ca\/wp-content\/uploads\/2024\/01\/DSC00128_Endormie_rev00-2048x1365.jpg 2048w, https:\/\/artvisuel.ca\/wp-content\/uploads\/2024\/01\/DSC00128_Endormie_rev00-1320x880.jpg 1320w, https:\/\/artvisuel.ca\/wp-content\/uploads\/2024\/01\/DSC00128_Endormie_rev00-600x400.jpg 600w\" sizes=\"auto, (max-width: 1024px) 100vw, 1024px\" \/><\/figure>\n<\/figure>\n\n\n\n<p>Endormie<\/p>\n<\/div>\n\n\n\n<div class=\"wp-block-column is-layout-flow wp-block-column-is-layout-flow\">\n<figure class=\"wp-block-image size-large\"><img loading=\"lazy\" decoding=\"async\" width=\"1024\" height=\"576\" src=\"http:\/\/localhost\/artvisuel\/wp-content\/uploads\/2024\/01\/2C3A5495_Surfer-sur-les-vacances_rev00-1-1024x576.jpg\" alt=\"\" class=\"wp-image-443\" srcset=\"https:\/\/artvisuel.ca\/wp-content\/uploads\/2024\/01\/2C3A5495_Surfer-sur-les-vacances_rev00-1-1024x576.jpg 1024w, https:\/\/artvisuel.ca\/wp-content\/uploads\/2024\/01\/2C3A5495_Surfer-sur-les-vacances_rev00-1-300x169.jpg 300w, https:\/\/artvisuel.ca\/wp-content\/uploads\/2024\/01\/2C3A5495_Surfer-sur-les-vacances_rev00-1-768x432.jpg 768w, https:\/\/artvisuel.ca\/wp-content\/uploads\/2024\/01\/2C3A5495_Surfer-sur-les-vacances_rev00-1-1536x864.jpg 1536w, https:\/\/artvisuel.ca\/wp-content\/uploads\/2024\/01\/2C3A5495_Surfer-sur-les-vacances_rev00-1-2048x1152.jpg 2048w, https:\/\/artvisuel.ca\/wp-content\/uploads\/2024\/01\/2C3A5495_Surfer-sur-les-vacances_rev00-1-1320x743.jpg 1320w, https:\/\/artvisuel.ca\/wp-content\/uploads\/2024\/01\/2C3A5495_Surfer-sur-les-vacances_rev00-1-600x338.jpg 600w\" sizes=\"auto, (max-width: 1024px) 100vw, 1024px\" \/><\/figure>\n\n\n\n<p>Surfer sur les vacances<\/p>\n<\/div>\n<\/div>\n\n\n\n<div class=\"wp-block-columns is-layout-flex wp-container-core-columns-is-layout-9d6595d7 wp-block-columns-is-layout-flex\">\n<div class=\"wp-block-column is-layout-flow wp-block-column-is-layout-flow\">\n<figure class=\"wp-block-gallery has-nested-images columns-default is-cropped wp-block-gallery-2 is-layout-flex wp-block-gallery-is-layout-flex\">\n<figure class=\"wp-block-image size-large\"><img loading=\"lazy\" decoding=\"async\" width=\"1024\" height=\"683\" data-id=\"402\" src=\"http:\/\/localhost\/artvisuel\/wp-content\/uploads\/2024\/01\/2C3A6363_La-tourmente_rev00-1-1024x683.jpg\" alt=\"\" class=\"wp-image-402\" srcset=\"https:\/\/artvisuel.ca\/wp-content\/uploads\/2024\/01\/2C3A6363_La-tourmente_rev00-1-1024x683.jpg 1024w, https:\/\/artvisuel.ca\/wp-content\/uploads\/2024\/01\/2C3A6363_La-tourmente_rev00-1-300x200.jpg 300w, https:\/\/artvisuel.ca\/wp-content\/uploads\/2024\/01\/2C3A6363_La-tourmente_rev00-1-768x512.jpg 768w, https:\/\/artvisuel.ca\/wp-content\/uploads\/2024\/01\/2C3A6363_La-tourmente_rev00-1-1536x1024.jpg 1536w, https:\/\/artvisuel.ca\/wp-content\/uploads\/2024\/01\/2C3A6363_La-tourmente_rev00-1-2048x1365.jpg 2048w, https:\/\/artvisuel.ca\/wp-content\/uploads\/2024\/01\/2C3A6363_La-tourmente_rev00-1-1320x880.jpg 1320w, https:\/\/artvisuel.ca\/wp-content\/uploads\/2024\/01\/2C3A6363_La-tourmente_rev00-1-600x400.jpg 600w\" sizes=\"auto, (max-width: 1024px) 100vw, 1024px\" \/><\/figure>\n<\/figure>\n\n\n\n<p>La tourmente<\/p>\n<\/div>\n\n\n\n<div class=\"wp-block-column is-layout-flow wp-block-column-is-layout-flow\">\n<figure class=\"wp-block-image size-large\"><img loading=\"lazy\" decoding=\"async\" width=\"1024\" height=\"683\" src=\"http:\/\/localhost\/artvisuel\/wp-content\/uploads\/2024\/01\/2C3A5595_La-tourmente2_rev00-1-1024x683.jpg\" alt=\"\" class=\"wp-image-403\" srcset=\"https:\/\/artvisuel.ca\/wp-content\/uploads\/2024\/01\/2C3A5595_La-tourmente2_rev00-1-1024x683.jpg 1024w, https:\/\/artvisuel.ca\/wp-content\/uploads\/2024\/01\/2C3A5595_La-tourmente2_rev00-1-300x200.jpg 300w, https:\/\/artvisuel.ca\/wp-content\/uploads\/2024\/01\/2C3A5595_La-tourmente2_rev00-1-768x512.jpg 768w, https:\/\/artvisuel.ca\/wp-content\/uploads\/2024\/01\/2C3A5595_La-tourmente2_rev00-1-1536x1024.jpg 1536w, https:\/\/artvisuel.ca\/wp-content\/uploads\/2024\/01\/2C3A5595_La-tourmente2_rev00-1-2048x1365.jpg 2048w, https:\/\/artvisuel.ca\/wp-content\/uploads\/2024\/01\/2C3A5595_La-tourmente2_rev00-1-1320x880.jpg 1320w, https:\/\/artvisuel.ca\/wp-content\/uploads\/2024\/01\/2C3A5595_La-tourmente2_rev00-1-600x400.jpg 600w\" sizes=\"auto, (max-width: 1024px) 100vw, 1024px\" \/><\/figure>\n\n\n\n<p>La tourmente 2<\/p>\n<\/div>\n<\/div>\n\n\n\n<div class=\"wp-block-columns is-layout-flex wp-container-core-columns-is-layout-9d6595d7 wp-block-columns-is-layout-flex\">\n<div class=\"wp-block-column is-layout-flow wp-block-column-is-layout-flow\">\n<figure class=\"wp-block-gallery has-nested-images columns-default is-cropped wp-block-gallery-3 is-layout-flex wp-block-gallery-is-layout-flex\">\n<figure class=\"wp-block-image size-large\"><img loading=\"lazy\" decoding=\"async\" width=\"1024\" height=\"683\" data-id=\"407\" src=\"http:\/\/localhost\/artvisuel\/wp-content\/uploads\/2024\/01\/IMG_6623_Vieux-Port-de-Montreal_rev00-1-1024x683.jpg\" alt=\"\" class=\"wp-image-407\" srcset=\"https:\/\/artvisuel.ca\/wp-content\/uploads\/2024\/01\/IMG_6623_Vieux-Port-de-Montreal_rev00-1-1024x683.jpg 1024w, https:\/\/artvisuel.ca\/wp-content\/uploads\/2024\/01\/IMG_6623_Vieux-Port-de-Montreal_rev00-1-300x200.jpg 300w, https:\/\/artvisuel.ca\/wp-content\/uploads\/2024\/01\/IMG_6623_Vieux-Port-de-Montreal_rev00-1-768x512.jpg 768w, https:\/\/artvisuel.ca\/wp-content\/uploads\/2024\/01\/IMG_6623_Vieux-Port-de-Montreal_rev00-1-1536x1024.jpg 1536w, https:\/\/artvisuel.ca\/wp-content\/uploads\/2024\/01\/IMG_6623_Vieux-Port-de-Montreal_rev00-1-2048x1365.jpg 2048w, https:\/\/artvisuel.ca\/wp-content\/uploads\/2024\/01\/IMG_6623_Vieux-Port-de-Montreal_rev00-1-1320x880.jpg 1320w, https:\/\/artvisuel.ca\/wp-content\/uploads\/2024\/01\/IMG_6623_Vieux-Port-de-Montreal_rev00-1-600x400.jpg 600w\" sizes=\"auto, (max-width: 1024px) 100vw, 1024px\" \/><\/figure>\n<\/figure>\n\n\n\n<p>Le Vieux-Port de Montr\u00e9al<\/p>\n<\/div>\n\n\n\n<div class=\"wp-block-column is-layout-flow wp-block-column-is-layout-flow\">\n<figure class=\"wp-block-image size-large\"><img loading=\"lazy\" decoding=\"async\" width=\"1024\" height=\"683\" src=\"http:\/\/localhost\/artvisuel\/wp-content\/uploads\/2024\/01\/2C3A7698_PointNord_rev00-1024x683.jpg\" alt=\"\" class=\"wp-image-409\" srcset=\"https:\/\/artvisuel.ca\/wp-content\/uploads\/2024\/01\/2C3A7698_PointNord_rev00-1024x683.jpg 1024w, https:\/\/artvisuel.ca\/wp-content\/uploads\/2024\/01\/2C3A7698_PointNord_rev00-300x200.jpg 300w, https:\/\/artvisuel.ca\/wp-content\/uploads\/2024\/01\/2C3A7698_PointNord_rev00-768x512.jpg 768w, https:\/\/artvisuel.ca\/wp-content\/uploads\/2024\/01\/2C3A7698_PointNord_rev00-1536x1024.jpg 1536w, https:\/\/artvisuel.ca\/wp-content\/uploads\/2024\/01\/2C3A7698_PointNord_rev00-2048x1365.jpg 2048w, https:\/\/artvisuel.ca\/wp-content\/uploads\/2024\/01\/2C3A7698_PointNord_rev00-1320x880.jpg 1320w, https:\/\/artvisuel.ca\/wp-content\/uploads\/2024\/01\/2C3A7698_PointNord_rev00-600x400.jpg 600w\" sizes=\"auto, (max-width: 1024px) 100vw, 1024px\" \/><\/figure>\n\n\n\n<p>Pointe nord<\/p>\n<\/div>\n<\/div>\n\n\n\n<div class=\"wp-block-columns is-layout-flex wp-container-core-columns-is-layout-9d6595d7 wp-block-columns-is-layout-flex\">\n<div class=\"wp-block-column is-layout-flow wp-block-column-is-layout-flow\">\n<figure class=\"wp-block-gallery has-nested-images columns-default is-cropped wp-block-gallery-4 is-layout-flex wp-block-gallery-is-layout-flex\">\n<figure class=\"wp-block-image size-large\"><img loading=\"lazy\" decoding=\"async\" width=\"1024\" height=\"683\" data-id=\"412\" src=\"http:\/\/localhost\/artvisuel\/wp-content\/uploads\/2024\/01\/2C3A6752_Infinite_rev00-1024x683.jpg\" alt=\"\" class=\"wp-image-412\" srcset=\"https:\/\/artvisuel.ca\/wp-content\/uploads\/2024\/01\/2C3A6752_Infinite_rev00-1024x683.jpg 1024w, https:\/\/artvisuel.ca\/wp-content\/uploads\/2024\/01\/2C3A6752_Infinite_rev00-300x200.jpg 300w, https:\/\/artvisuel.ca\/wp-content\/uploads\/2024\/01\/2C3A6752_Infinite_rev00-768x512.jpg 768w, https:\/\/artvisuel.ca\/wp-content\/uploads\/2024\/01\/2C3A6752_Infinite_rev00-1536x1024.jpg 1536w, https:\/\/artvisuel.ca\/wp-content\/uploads\/2024\/01\/2C3A6752_Infinite_rev00-2048x1365.jpg 2048w, https:\/\/artvisuel.ca\/wp-content\/uploads\/2024\/01\/2C3A6752_Infinite_rev00-1320x880.jpg 1320w, https:\/\/artvisuel.ca\/wp-content\/uploads\/2024\/01\/2C3A6752_Infinite_rev00-600x400.jpg 600w\" sizes=\"auto, (max-width: 1024px) 100vw, 1024px\" \/><\/figure>\n<\/figure>\n\n\n\n<p>Infinit\u00e9<\/p>\n<\/div>\n\n\n\n<div class=\"wp-block-column is-layout-flow wp-block-column-is-layout-flow\">\n<figure class=\"wp-block-image size-large\"><img loading=\"lazy\" decoding=\"async\" width=\"1024\" height=\"683\" src=\"http:\/\/localhost\/artvisuel\/wp-content\/uploads\/2024\/01\/IMG_6435-1_Le-pont-de-North-Hatley_rev00-1-1024x683.jpg\" alt=\"\" class=\"wp-image-441\" srcset=\"https:\/\/artvisuel.ca\/wp-content\/uploads\/2024\/01\/IMG_6435-1_Le-pont-de-North-Hatley_rev00-1-1024x683.jpg 1024w, https:\/\/artvisuel.ca\/wp-content\/uploads\/2024\/01\/IMG_6435-1_Le-pont-de-North-Hatley_rev00-1-300x200.jpg 300w, https:\/\/artvisuel.ca\/wp-content\/uploads\/2024\/01\/IMG_6435-1_Le-pont-de-North-Hatley_rev00-1-768x512.jpg 768w, https:\/\/artvisuel.ca\/wp-content\/uploads\/2024\/01\/IMG_6435-1_Le-pont-de-North-Hatley_rev00-1-1536x1024.jpg 1536w, https:\/\/artvisuel.ca\/wp-content\/uploads\/2024\/01\/IMG_6435-1_Le-pont-de-North-Hatley_rev00-1-2048x1365.jpg 2048w, https:\/\/artvisuel.ca\/wp-content\/uploads\/2024\/01\/IMG_6435-1_Le-pont-de-North-Hatley_rev00-1-1320x880.jpg 1320w, https:\/\/artvisuel.ca\/wp-content\/uploads\/2024\/01\/IMG_6435-1_Le-pont-de-North-Hatley_rev00-1-600x400.jpg 600w\" sizes=\"auto, (max-width: 1024px) 100vw, 1024px\" \/><\/figure>\n\n\n\n<p>Le pont de North Hatley<\/p>\n<\/div>\n<\/div>\n\n\n\n<div class=\"wp-block-columns is-layout-flex wp-container-core-columns-is-layout-9d6595d7 wp-block-columns-is-layout-flex\">\n<div class=\"wp-block-column is-layout-flow wp-block-column-is-layout-flow\">\n<figure class=\"wp-block-gallery has-nested-images columns-default is-cropped wp-block-gallery-5 is-layout-flex wp-block-gallery-is-layout-flex\">\n<figure class=\"wp-block-image size-large\"><img loading=\"lazy\" decoding=\"async\" width=\"1024\" height=\"683\" data-id=\"445\" src=\"http:\/\/localhost\/artvisuel\/wp-content\/uploads\/2024\/01\/IMG_6687_Souvenir-dantan_rev00-copie-1024x683.jpg\" alt=\"\" class=\"wp-image-445\" srcset=\"https:\/\/artvisuel.ca\/wp-content\/uploads\/2024\/01\/IMG_6687_Souvenir-dantan_rev00-copie-1024x683.jpg 1024w, https:\/\/artvisuel.ca\/wp-content\/uploads\/2024\/01\/IMG_6687_Souvenir-dantan_rev00-copie-300x200.jpg 300w, https:\/\/artvisuel.ca\/wp-content\/uploads\/2024\/01\/IMG_6687_Souvenir-dantan_rev00-copie-768x512.jpg 768w, https:\/\/artvisuel.ca\/wp-content\/uploads\/2024\/01\/IMG_6687_Souvenir-dantan_rev00-copie-1536x1024.jpg 1536w, https:\/\/artvisuel.ca\/wp-content\/uploads\/2024\/01\/IMG_6687_Souvenir-dantan_rev00-copie-2048x1365.jpg 2048w, https:\/\/artvisuel.ca\/wp-content\/uploads\/2024\/01\/IMG_6687_Souvenir-dantan_rev00-copie-1320x880.jpg 1320w, https:\/\/artvisuel.ca\/wp-content\/uploads\/2024\/01\/IMG_6687_Souvenir-dantan_rev00-copie-600x400.jpg 600w\" sizes=\"auto, (max-width: 1024px) 100vw, 1024px\" \/><\/figure>\n<\/figure>\n\n\n\n<p>Souvenir d&rsquo;antan<\/p>\n<\/div>\n\n\n\n<div class=\"wp-block-column is-layout-flow wp-block-column-is-layout-flow\">\n<figure class=\"wp-block-image size-large\"><img loading=\"lazy\" decoding=\"async\" width=\"1024\" height=\"683\" src=\"https:\/\/artvisuel.ca\/wp-content\/uploads\/2024\/01\/2C3A0439_Reve-en-delire_rev00-1024x683.jpg\" alt=\"\" class=\"wp-image-519\" srcset=\"https:\/\/artvisuel.ca\/wp-content\/uploads\/2024\/01\/2C3A0439_Reve-en-delire_rev00-1024x683.jpg 1024w, https:\/\/artvisuel.ca\/wp-content\/uploads\/2024\/01\/2C3A0439_Reve-en-delire_rev00-300x200.jpg 300w, https:\/\/artvisuel.ca\/wp-content\/uploads\/2024\/01\/2C3A0439_Reve-en-delire_rev00-768x512.jpg 768w, https:\/\/artvisuel.ca\/wp-content\/uploads\/2024\/01\/2C3A0439_Reve-en-delire_rev00-1536x1024.jpg 1536w, https:\/\/artvisuel.ca\/wp-content\/uploads\/2024\/01\/2C3A0439_Reve-en-delire_rev00-2048x1365.jpg 2048w\" sizes=\"auto, (max-width: 1024px) 100vw, 1024px\" \/><\/figure>\n\n\n\n<p>R\u00eave en d\u00e9lire<\/p>\n<\/div>\n<\/div>\n\n\n\n<div class=\"wp-block-columns is-layout-flex wp-container-core-columns-is-layout-9d6595d7 wp-block-columns-is-layout-flex\">\n<div class=\"wp-block-column is-layout-flow wp-block-column-is-layout-flow\" style=\"flex-basis:33.33%\">\n<figure class=\"wp-block-image size-large\"><img loading=\"lazy\" decoding=\"async\" width=\"768\" height=\"1024\" src=\"http:\/\/localhost\/artvisuel\/wp-content\/uploads\/2024\/01\/2C3A8360_JardinNocturne_rev00-768x1024.jpg\" alt=\"\" class=\"wp-image-304\" srcset=\"https:\/\/artvisuel.ca\/wp-content\/uploads\/2024\/01\/2C3A8360_JardinNocturne_rev00-768x1024.jpg 768w, https:\/\/artvisuel.ca\/wp-content\/uploads\/2024\/01\/2C3A8360_JardinNocturne_rev00-225x300.jpg 225w, https:\/\/artvisuel.ca\/wp-content\/uploads\/2024\/01\/2C3A8360_JardinNocturne_rev00-1152x1536.jpg 1152w, https:\/\/artvisuel.ca\/wp-content\/uploads\/2024\/01\/2C3A8360_JardinNocturne_rev00-1536x2048.jpg 1536w, https:\/\/artvisuel.ca\/wp-content\/uploads\/2024\/01\/2C3A8360_JardinNocturne_rev00-1320x1760.jpg 1320w, https:\/\/artvisuel.ca\/wp-content\/uploads\/2024\/01\/2C3A8360_JardinNocturne_rev00-600x800.jpg 600w, https:\/\/artvisuel.ca\/wp-content\/uploads\/2024\/01\/2C3A8360_JardinNocturne_rev00-scaled.jpg 1920w\" sizes=\"auto, (max-width: 768px) 100vw, 768px\" \/><\/figure>\n<\/div>\n\n\n\n<div class=\"wp-block-column is-layout-flow wp-block-column-is-layout-flow\" style=\"flex-basis:66.66%\">\n<p>Jardin nocturne<\/p>\n<\/div>\n<\/div>\n\n\n\n<p>En cours de mise \u00e0 jour &#8230;<\/p>\n","protected":false},"excerpt":{"rendered":"<p>Les photographies et reproductions d&rsquo;\u0153uvres d&rsquo;art sont disponibles en diff\u00e9rents formats et supports Endormie Surfer sur les vacances La tourmente La tourmente 2 Le Vieux-Port de Montr\u00e9al Pointe nord Infinit\u00e9 Le pont de North Hatley Souvenir d&rsquo;antan R\u00eave en d\u00e9lire Jardin nocturne En cours de mise \u00e0 jour &#8230;<\/p>\n","protected":false},"author":1,"featured_media":0,"parent":0,"menu_order":0,"comment_status":"closed","ping_status":"closed","template":"","meta":{"footnotes":""},"class_list":["post-156","page","type-page","status-publish","hentry"],"_links":{"self":[{"href":"https:\/\/artvisuel.ca\/index.php?rest_route=\/wp\/v2\/pages\/156","targetHints":{"allow":["GET"]}}],"collection":[{"href":"https:\/\/artvisuel.ca\/index.php?rest_route=\/wp\/v2\/pages"}],"about":[{"href":"https:\/\/artvisuel.ca\/index.php?rest_route=\/wp\/v2\/types\/page"}],"author":[{"embeddable":true,"href":"https:\/\/artvisuel.ca\/index.php?rest_route=\/wp\/v2\/users\/1"}],"replies":[{"embeddable":true,"href":"https:\/\/artvisuel.ca\/index.php?rest_route=%2Fwp%2Fv2%2Fcomments&post=156"}],"version-history":[{"count":26,"href":"https:\/\/artvisuel.ca\/index.php?rest_route=\/wp\/v2\/pages\/156\/revisions"}],"predecessor-version":[{"id":521,"href":"https:\/\/artvisuel.ca\/index.php?rest_route=\/wp\/v2\/pages\/156\/revisions\/521"}],"wp:attachment":[{"href":"https:\/\/artvisuel.ca\/index.php?rest_route=%2Fwp%2Fv2%2Fmedia&parent=156"}],"curies":[{"name":"wp","href":"https:\/\/api.w.org\/{rel}","templated":true}]}}