{"id":2,"date":"2023-08-19T18:05:35","date_gmt":"2023-08-19T22:05:35","guid":{"rendered":"http:\/\/localhost\/artvisuel\/?page_id=2"},"modified":"2024-01-26T06:50:47","modified_gmt":"2024-01-26T11:50:47","slug":"page-d-exemple","status":"publish","type":"page","link":"https:\/\/artvisuel.ca\/?page_id=2","title":{"rendered":"D\u00e9marche artistique"},"content":{"rendered":"\n<div class=\"wp-block-columns is-layout-flex wp-container-core-columns-is-layout-9d6595d7 wp-block-columns-is-layout-flex\">\n<div class=\"wp-block-column is-layout-flow wp-block-column-is-layout-flow\" style=\"flex-basis:100%\">\n<div class=\"wp-block-media-text is-stacked-on-mobile\"><figure class=\"wp-block-media-text__media\"><img loading=\"lazy\" decoding=\"async\" width=\"1024\" height=\"1024\" src=\"http:\/\/localhost\/artvisuel\/wp-content\/uploads\/2023\/08\/01_CaroleFiliatraultFB-1024x1024.jpg\" alt=\"\" class=\"wp-image-20 size-full\" srcset=\"https:\/\/artvisuel.ca\/wp-content\/uploads\/2023\/08\/01_CaroleFiliatraultFB-1024x1024.jpg 1024w, https:\/\/artvisuel.ca\/wp-content\/uploads\/2023\/08\/01_CaroleFiliatraultFB-300x300.jpg 300w, https:\/\/artvisuel.ca\/wp-content\/uploads\/2023\/08\/01_CaroleFiliatraultFB-100x100.jpg 100w, https:\/\/artvisuel.ca\/wp-content\/uploads\/2023\/08\/01_CaroleFiliatraultFB-600x600.jpg 600w, https:\/\/artvisuel.ca\/wp-content\/uploads\/2023\/08\/01_CaroleFiliatraultFB-150x150.jpg 150w, https:\/\/artvisuel.ca\/wp-content\/uploads\/2023\/08\/01_CaroleFiliatraultFB-768x768.jpg 768w, https:\/\/artvisuel.ca\/wp-content\/uploads\/2023\/08\/01_CaroleFiliatraultFB.jpg 1080w\" sizes=\"auto, (max-width: 1024px) 100vw, 1024px\" \/><\/figure><div class=\"wp-block-media-text__content\">\n<p>La photographie a \u00e9t\u00e9 son premier amour. \u00c0 travers l&rsquo;objectif de son appareil, elle a con\u00e7u et capt\u00e9 des sc\u00e8nes \u00e9ph\u00e9m\u00e8res. Son esprit circulaire et curieux l&rsquo;a pouss\u00e9 \u00e0 explorer d&rsquo;autres formes d&rsquo;art. Elle a appris \u00e0 faire confiance \u00e0 son instinct, \u00e0 suivre sa voix int\u00e9rieure et \u00e0 se laisser guider vers des choix artistiques vari\u00e9s. <\/p>\n<\/div><\/div>\n<\/div>\n<\/div>\n\n\n\n<p>Son intuition lui a permis de repousser les limites de sa cr\u00e9ativit\u00e9 et d\u2019explorer de nouveaux territoires artistiques. \u00c0 pr\u00e9sent, chacune de ses \u0153uvres est une fen\u00eatre ouverte sur des ressentis, une exp\u00e9rience partag\u00e9e o\u00f9 les \u00e9motions transcendent les images. <\/p>\n\n\n\n<p>\u00c0 travers ses \u0153uvres, Elle cherche \u00e0 susciter une r\u00e9flexion, \u00e0 ouvrir des dialogues sur les th\u00e8mes de la vie, de la mort, de l&rsquo;amour et de la nature m\u00eame de l&rsquo;existence. Chaque clic d&rsquo;appareil photo et chaque coup de pinceau sont des moyens de d\u00e9voiler des couches cach\u00e9es de notre r\u00e9alit\u00e9. Son art continuera de se transformer, mais son but ultime en tant qu&rsquo;artiste est de laisser une petite trace en h\u00e9ritage qui inspire d&rsquo;autres \u00e0 explorer leur propre cr\u00e9ativit\u00e9, \u00e0 se connecter avec leur monde int\u00e9rieur et \u00e0 embrasser la beaut\u00e9 de l&rsquo;art sous toutes ses formes.<\/p>\n","protected":false},"excerpt":{"rendered":"<p>La photographie a \u00e9t\u00e9 son premier amour. \u00c0 travers l&rsquo;objectif de son appareil, elle a con\u00e7u et capt\u00e9 des sc\u00e8nes \u00e9ph\u00e9m\u00e8res. Son esprit circulaire et curieux l&rsquo;a pouss\u00e9 \u00e0 explorer d&rsquo;autres formes d&rsquo;art. Elle a appris \u00e0 faire confiance \u00e0 son instinct, \u00e0 suivre sa voix int\u00e9rieure et \u00e0 se laisser guider vers des choix artistiques vari\u00e9s. Son intuition lui a permis de repousser les limites de sa cr\u00e9ativit\u00e9 et d\u2019explorer de nouveaux territoires artistiques. \u00c0 pr\u00e9sent, chacune de ses \u0153uvres est une fen\u00eatre ouverte sur des ressentis, une exp\u00e9rience partag\u00e9e o\u00f9 les \u00e9motions transcendent les images. \u00c0 travers ses &hellip; <\/p>\n","protected":false},"author":1,"featured_media":0,"parent":0,"menu_order":0,"comment_status":"closed","ping_status":"closed","template":"","meta":{"footnotes":""},"class_list":["post-2","page","type-page","status-publish","hentry"],"_links":{"self":[{"href":"https:\/\/artvisuel.ca\/index.php?rest_route=\/wp\/v2\/pages\/2","targetHints":{"allow":["GET"]}}],"collection":[{"href":"https:\/\/artvisuel.ca\/index.php?rest_route=\/wp\/v2\/pages"}],"about":[{"href":"https:\/\/artvisuel.ca\/index.php?rest_route=\/wp\/v2\/types\/page"}],"author":[{"embeddable":true,"href":"https:\/\/artvisuel.ca\/index.php?rest_route=\/wp\/v2\/users\/1"}],"replies":[{"embeddable":true,"href":"https:\/\/artvisuel.ca\/index.php?rest_route=%2Fwp%2Fv2%2Fcomments&post=2"}],"version-history":[{"count":11,"href":"https:\/\/artvisuel.ca\/index.php?rest_route=\/wp\/v2\/pages\/2\/revisions"}],"predecessor-version":[{"id":568,"href":"https:\/\/artvisuel.ca\/index.php?rest_route=\/wp\/v2\/pages\/2\/revisions\/568"}],"wp:attachment":[{"href":"https:\/\/artvisuel.ca\/index.php?rest_route=%2Fwp%2Fv2%2Fmedia&parent=2"}],"curies":[{"name":"wp","href":"https:\/\/api.w.org\/{rel}","templated":true}]}}