{"id":228,"date":"2023-12-19T18:39:36","date_gmt":"2023-12-19T23:39:36","guid":{"rendered":"http:\/\/localhost\/artvisuel\/?page_id=228"},"modified":"2024-01-26T06:15:28","modified_gmt":"2024-01-26T11:15:28","slug":"biographie-de-carole-filiatrault","status":"publish","type":"page","link":"https:\/\/artvisuel.ca\/?page_id=228","title":{"rendered":"Biographie de Carole Filiatrault"},"content":{"rendered":"\n<p>Artiste autodidacte et passionn\u00e9e en d\u00e9veloppement de la cr\u00e9ativit\u00e9, Carole Filiatrault pr\u00e9sente des \u0153uvres habit\u00e9es d\u2019un ressenti intime de l\u2019individu face au contexte physique, social et environnemental dans lequel il se situe et pour lequel il se transforme.<\/p>\n\n\n\n<p>Prise dans le tourbillon de la vie de famille et du travail, sa pratique se d\u00e9veloppe in situ entre 1997 et 2013. Puis, une situation personnelle l\u2019am\u00e8ne \u00e0 prendre conscience de l\u2019urgence de r\u00e9aliser ses projets artistiques. Elle s\u2019active alors plus intensivement dans son atelier et consacre tout son temps libre \u00e0 confectionner des costumes, concevoir des installations et diriger la mise en sc\u00e8ne de ses photos. Son approche artistique na\u00eet d\u2019abord d\u2019une intention ou d\u2019un besoin d\u2019exprimer un \u00e9tat d\u2019\u00eatre parfois en provenance de son ressenti, mais le plus souvent du sujet m\u00eame de la photographie. <\/p>\n\n\n\n<p>Tentant d\u2019interpr\u00e9ter le sujet de ses \u0153uvres, maintenant multidisciplinaires, dans diverses repr\u00e9sentations, elle cherche, explore, con\u00e7oit et pr\u00e9sente des images qui se veulent sensibles et bienveillantes et qui visent \u00e0 laisser au spectateur un espace pour ressentir<\/p>\n","protected":false},"excerpt":{"rendered":"<p>Artiste autodidacte et passionn\u00e9e en d\u00e9veloppement de la cr\u00e9ativit\u00e9, Carole Filiatrault pr\u00e9sente des \u0153uvres habit\u00e9es d\u2019un ressenti intime de l\u2019individu face au contexte physique, social et environnemental dans lequel il se situe et pour lequel il se transforme. Prise dans le tourbillon de la vie de famille et du travail, sa pratique se d\u00e9veloppe in situ entre 1997 et 2013. Puis, une situation personnelle l\u2019am\u00e8ne \u00e0 prendre conscience de l\u2019urgence de r\u00e9aliser ses projets artistiques. Elle s\u2019active alors plus intensivement dans son atelier et consacre tout son temps libre \u00e0 confectionner des costumes, concevoir des installations et diriger la mise &hellip; <\/p>\n","protected":false},"author":1,"featured_media":0,"parent":0,"menu_order":0,"comment_status":"closed","ping_status":"closed","template":"","meta":{"footnotes":""},"class_list":["post-228","page","type-page","status-publish","hentry"],"_links":{"self":[{"href":"https:\/\/artvisuel.ca\/index.php?rest_route=\/wp\/v2\/pages\/228","targetHints":{"allow":["GET"]}}],"collection":[{"href":"https:\/\/artvisuel.ca\/index.php?rest_route=\/wp\/v2\/pages"}],"about":[{"href":"https:\/\/artvisuel.ca\/index.php?rest_route=\/wp\/v2\/types\/page"}],"author":[{"embeddable":true,"href":"https:\/\/artvisuel.ca\/index.php?rest_route=\/wp\/v2\/users\/1"}],"replies":[{"embeddable":true,"href":"https:\/\/artvisuel.ca\/index.php?rest_route=%2Fwp%2Fv2%2Fcomments&post=228"}],"version-history":[{"count":4,"href":"https:\/\/artvisuel.ca\/index.php?rest_route=\/wp\/v2\/pages\/228\/revisions"}],"predecessor-version":[{"id":562,"href":"https:\/\/artvisuel.ca\/index.php?rest_route=\/wp\/v2\/pages\/228\/revisions\/562"}],"wp:attachment":[{"href":"https:\/\/artvisuel.ca\/index.php?rest_route=%2Fwp%2Fv2%2Fmedia&parent=228"}],"curies":[{"name":"wp","href":"https:\/\/api.w.org\/{rel}","templated":true}]}}